{"id":120,"date":"2020-09-15T15:51:31","date_gmt":"2020-09-15T14:51:31","guid":{"rendered":"http:\/\/devpi\/bsg\/?page_id=120"},"modified":"2020-09-15T21:57:21","modified_gmt":"2020-09-15T19:57:21","slug":"anfahrt","status":"publish","type":"page","link":"http:\/\/bsg-lahn-dill.de\/wordpress\/anfahrt\/","title":{"rendered":"Hallen"},"content":{"rendered":"\n<div class=\"wp-container-4 wp-block-group alignwide\"><div class=\"wp-block-group__inner-container\">\n<div class=\"wp-container-2 wp-block-group alignwide\"><div class=\"wp-block-group__inner-container\">\n<h2 class=\"has-accent-color has-text-color has-larger-font-size\" id=\"halle-werdorf\">Sporthalle Werdorf<\/h2>\n\n\n\n<p>Maximale Spielfelder: 8<\/p>\n<p>Adresse: 35614 A\u00dflar-Werdorf, Lutherstra\u00dfe<\/p>\n\n\n\n<div class=\"wp-container-1 wp-block-buttons\">\n<div class=\"wp-block-button\"><a class=\"wp-block-button__link\" href=\"https:\/\/www.google.de\/maps\/dir\/\/Sporthalle+Werdorf\/@50.5944627,8.4117956,17z\/data=!4m8!4m7!1m0!1m5!1m1!1s0x47bc44384a1c920b:0x393ea9c771e0a289!2m2!1d8.4132437!2d50.5952812 noopener noreferrer\" target=\"_blank\" rel=\"https:\/\/www.google.de\/maps\/dir\/\/Sporthalle+Werdorf\/@50.5944627,8.4117956,17z\/data=!4m8!4m7!1m0!1m5!1m1!1s0x47bc44384a1c920b:0x393ea9c771e0a289!2m2!1d8.4132437!2d50.5952812 noopener noreferrer\">Anfahrt<\/a><\/div>\n<\/div>\n<\/div><\/div>\n\n\n\n<h2 class=\"has-accent-color has-text-color has-larger-font-size\" id=\"halle-ehringshausen\">Sporthalle Ehringshausen<\/h2>\n\n\n\n<p class=\"lead\">Maximale Spielfelder: 7<\/p>\n<p class=\"lead\">Adresse: 35630 Ehringshausen, Neustadtstra\u00dfe, Am Haverhill-Bad<\/p>\n\n\n\n<div class=\"wp-container-3 wp-block-buttons\">\n<div class=\"wp-block-button\"><a class=\"wp-block-button__link\" href=\"https:\/\/www.google.com\/maps\/dir\/\/Haverhill-Bad,+Neustadt+Str.+5,+35630+Ehringshausen\/@50.6017264,8.3740161,17z\/data=!4m8!4m7!1m0!1m5!1m1!1s0x47bc46972242e13b:0xb2cd059eb384934e!2m2!1d8.3762048!2d50.6017264 noopener noreferrer\" target=\"_blank\" rel=\"https:\/\/www.google.com\/maps\/dir\/\/Haverhill-Bad,+Neustadt+Str.+5,+35630+Ehringshausen\/@50.6017264,8.3740161,17z\/data=!4m8!4m7!1m0!1m5!1m1!1s0x47bc46972242e13b:0xb2cd059eb384934e!2m2!1d8.3762048!2d50.6017264 noopener noreferrer\">Anfahrt<\/a><\/div>\n<\/div>\n<\/div><\/div>\n","protected":false},"excerpt":{"rendered":"<p>Sporthalle Werdorf Maximale Spielfelder: 8 Adresse: 35614 A\u00dflar-Werdorf, Lutherstra\u00dfe Sporthalle Ehringshausen Maximale Spielfelder: 7 Adresse: 35630 Ehringshausen, Neustadtstra\u00dfe, Am Haverhill-Bad<\/p>\n","protected":false},"author":2,"featured_media":139,"parent":0,"menu_order":0,"comment_status":"closed","ping_status":"closed","template":"","meta":[],"_links":{"self":[{"href":"http:\/\/bsg-lahn-dill.de\/wordpress\/wp-json\/wp\/v2\/pages\/120"}],"collection":[{"href":"http:\/\/bsg-lahn-dill.de\/wordpress\/wp-json\/wp\/v2\/pages"}],"about":[{"href":"http:\/\/bsg-lahn-dill.de\/wordpress\/wp-json\/wp\/v2\/types\/page"}],"author":[{"embeddable":true,"href":"http:\/\/bsg-lahn-dill.de\/wordpress\/wp-json\/wp\/v2\/users\/2"}],"replies":[{"embeddable":true,"href":"http:\/\/bsg-lahn-dill.de\/wordpress\/wp-json\/wp\/v2\/comments?post=120"}],"version-history":[{"count":3,"href":"http:\/\/bsg-lahn-dill.de\/wordpress\/wp-json\/wp\/v2\/pages\/120\/revisions"}],"predecessor-version":[{"id":156,"href":"http:\/\/bsg-lahn-dill.de\/wordpress\/wp-json\/wp\/v2\/pages\/120\/revisions\/156"}],"wp:featuredmedia":[{"embeddable":true,"href":"http:\/\/bsg-lahn-dill.de\/wordpress\/wp-json\/wp\/v2\/media\/139"}],"wp:attachment":[{"href":"http:\/\/bsg-lahn-dill.de\/wordpress\/wp-json\/wp\/v2\/media?parent=120"}],"curies":[{"name":"wp","href":"https:\/\/api.w.org\/{rel}","templated":true}]}}