{"id":117,"date":"2020-09-15T15:49:19","date_gmt":"2020-09-15T14:49:19","guid":{"rendered":"http:\/\/devpi\/bsg\/?page_id=117"},"modified":"2020-09-15T21:34:23","modified_gmt":"2020-09-15T19:34:23","slug":"training-hallen","status":"publish","type":"page","link":"https:\/\/bsg-lahn-dill.de\/wordpress\/training-hallen\/","title":{"rendered":"Trainingszeiten"},"content":{"rendered":"\n<div class=\"wp-container-2 wp-block-group alignwide\"><div class=\"wp-block-group__inner-container\">\n<div class=\"wp-container-1 wp-block-group alignwide\"><div class=\"wp-block-group__inner-container\">\n<h2 class=\"has-text-align-left has-accent-color has-text-color has-larger-font-size\">Senioren<\/h2>\n\n\n\n<figure class=\"wp-block-table alignwide is-style-regular\"><table><thead><tr><th>Tag<\/th><th>Uhrzeit<\/th><th>Halle<\/th><th>\u00dcbungsleiter<\/th><\/tr><\/thead><tbody><tr><td>Montag<\/td><td>20:00 &#8211; 23:00<\/td><td><a href=\"http:\/\/bsg-lahn-dill.de\/wordpress\/index.php\/anfahrt\/#halle-werdorf\" data-type=\"URL\" data-id=\"http:\/\/bsg-lahn-dill.de\/wordpress\/index.php\/anfahrt\/#halle-werdorf\">Werdorf<\/a><\/td><td>Stefan Scharfe<\/td><\/tr><tr><td>Mittwoch<\/td><td>19:30 &#8211; 23:00<\/td><td><a href=\"http:\/\/bsg-lahn-dill.de\/wordpress\/index.php\/anfahrt\/#halle-werdorf\" data-type=\"URL\" data-id=\"http:\/\/bsg-lahn-dill.de\/wordpress\/index.php\/anfahrt\/#halle-werdorf\">Werdorf<\/a><\/td><td>ohne Leiter<\/td><\/tr><tr><td>Freitag<\/td><td>20:00 &#8211; 23:00<\/td><td><a href=\"http:\/\/bsg-lahn-dill.de\/wordpress\/index.php\/anfahrt\/#halle-ehringshausen\" data-type=\"URL\" data-id=\"http:\/\/bsg-lahn-dill.de\/wordpress\/index.php\/anfahrt\/#halle-ehringshausen\">Ehringshausen<\/a><\/td><td>Stefan Scharfe<\/td><\/tr><\/tbody><\/table><\/figure>\n\n\n\n<h2 class=\"has-text-align-left has-accent-color has-text-color has-larger-font-size\">Jugend<\/h2>\n\n\n\n<figure class=\"wp-block-table alignwide is-style-regular\"><table><thead><tr><th>Tag<\/th><th>Uhrzeit<\/th><th>Halle<\/th><th>\u00dcbungsleiter<\/th><\/tr><\/thead><tbody><tr><td>Mittwoch<\/td><td>18:00 &#8211; 19:30<\/td><td><a href=\"http:\/\/bsg-lahn-dill.de\/wordpress\/index.php\/anfahrt\/#halle-werdorf\" data-type=\"URL\" data-id=\"http:\/\/bsg-lahn-dill.de\/wordpress\/index.php\/anfahrt\/#halle-werdorf\">Werdorf<\/a><\/td><td>Stefan Scharfe,<br>Torsten Gro\u00df,<br>Lisa R\u00f6diger<\/td><\/tr><tr><td>Freitag<\/td><td>18:00 &#8211; 20:00<\/td><td><a href=\"http:\/\/bsg-lahn-dill.de\/wordpress\/index.php\/anfahrt\/#halle-ehringshausen\" data-type=\"URL\" data-id=\"http:\/\/bsg-lahn-dill.de\/wordpress\/index.php\/anfahrt\/#halle-ehringshausen\">Ehringshausen<\/a><\/td><td>Torsten Gro\u00df,<br>Stefan Scharfe,<br>Stefan Weisgerber<\/td><\/tr><\/tbody><\/table><\/figure>\n<\/div><\/div>\n<\/div><\/div>\n\n\n\n<p><\/p>\n","protected":false},"excerpt":{"rendered":"<p>Senioren Tag Uhrzeit Halle \u00dcbungsleiter Montag 20:00 &#8211; 23:00 Werdorf Stefan Scharfe Mittwoch 19:30 &#8211; 23:00 Werdorf ohne Leiter Freitag 20:00 &#8211; 23:00 Ehringshausen Stefan Scharfe Jugend Tag Uhrzeit Halle \u00dcbungsleiter Mittwoch 18:00 &#8211; 19:30 Werdorf Stefan Scharfe,Torsten Gro\u00df,Lisa R\u00f6diger Freitag 18:00 &#8211; 20:00 Ehringshausen Torsten Gro\u00df,Stefan Scharfe,Stefan Weisgerber<\/p>\n","protected":false},"author":2,"featured_media":0,"parent":0,"menu_order":0,"comment_status":"closed","ping_status":"closed","template":"","meta":[],"_links":{"self":[{"href":"https:\/\/bsg-lahn-dill.de\/wordpress\/wp-json\/wp\/v2\/pages\/117"}],"collection":[{"href":"https:\/\/bsg-lahn-dill.de\/wordpress\/wp-json\/wp\/v2\/pages"}],"about":[{"href":"https:\/\/bsg-lahn-dill.de\/wordpress\/wp-json\/wp\/v2\/types\/page"}],"author":[{"embeddable":true,"href":"https:\/\/bsg-lahn-dill.de\/wordpress\/wp-json\/wp\/v2\/users\/2"}],"replies":[{"embeddable":true,"href":"https:\/\/bsg-lahn-dill.de\/wordpress\/wp-json\/wp\/v2\/comments?post=117"}],"version-history":[{"count":1,"href":"https:\/\/bsg-lahn-dill.de\/wordpress\/wp-json\/wp\/v2\/pages\/117\/revisions"}],"predecessor-version":[{"id":137,"href":"https:\/\/bsg-lahn-dill.de\/wordpress\/wp-json\/wp\/v2\/pages\/117\/revisions\/137"}],"wp:attachment":[{"href":"https:\/\/bsg-lahn-dill.de\/wordpress\/wp-json\/wp\/v2\/media?parent=117"}],"curies":[{"name":"wp","href":"https:\/\/api.w.org\/{rel}","templated":true}]}}