{"id":76,"date":"2020-09-15T13:55:20","date_gmt":"2020-09-15T12:55:20","guid":{"rendered":"http:\/\/devpi\/bsg\/?page_id=76"},"modified":"2022-05-24T22:10:39","modified_gmt":"2022-05-24T20:10:39","slug":"spielplaene-und-rangliste","status":"publish","type":"page","link":"https:\/\/bsg-lahn-dill.de\/wordpress\/spielplaene-und-rangliste\/","title":{"rendered":"Ligenplan"},"content":{"rendered":"\n<h2 id=\"spielplan\">Senioren-Gesamt-Kalendar<\/h2>\n\n\n\n<div><iframe loading=\"lazy\" src=\"https:\/\/calendar.google.com\/calendar\/embed?height=400&amp;wkst=2&amp;bgcolor=%23ffffff&amp;ctz=Europe%2FBerlin&amp;src=ZHFxaXZ2cGxsajluajBpYjBnOWxyZXBpcWdAZ3JvdXAuY2FsZW5kYXIuZ29vZ2xlLmNvbQ&amp;color=%23E67C73&amp;showPrint=0&amp;showTabs=0&amp;showCalendars=0&amp;showNav=0&amp;showDate=0&amp;showTz=0&amp;mode=AGENDA\" style=\"border:solid 1px #777\" scrolling=\"no\" width=\"800\" height=\"400\" frameborder=\"0\"><\/iframe><\/div>\n\n\n\n<h2>Einzelne Kalender<\/h2>\n\n\n\n<figure class=\"wp-block-table\"><table><thead><tr><th>nuLiga<\/th><th>Google-URL<\/th><th>iCal-Format<\/th><\/tr><\/thead><tbody><tr><td>Senioren-Gesamt<\/td><td><a href=\"https:\/\/calendar.google.com\/calendar\/embed?src=dqqivvpllj9nj0ib0g9lrepiqg%40group.calendar.google.com&amp;ctz=Europe%2FBerlin\" data-type=\"URL\" data-id=\"https:\/\/calendar.google.com\/calendar\/embed?src=dqqivvpllj9nj0ib0g9lrepiqg%40group.calendar.google.com&amp;ctz=Europe%2FBerlin\">Link<\/a><\/td><td><a href=\"https:\/\/calendar.google.com\/calendar\/ical\/dqqivvpllj9nj0ib0g9lrepiqg%40group.calendar.google.com\/public\/basic.ics\" data-type=\"URL\" data-id=\"https:\/\/calendar.google.com\/calendar\/ical\/dqqivvpllj9nj0ib0g9lrepiqg%40group.calendar.google.com\/public\/basic.ics\" target=\"_blank\" rel=\"noreferrer noopener\">Link<\/a><\/td><\/tr><tr><td><a href=\"https:\/\/hbv-badminton.liga.nu\/cgi-bin\/WebObjects\/nuLigaBADDE.woa\/wa\/groupPage?championship=HBV+21%2F22&amp;group=28167\" data-type=\"URL\" target=\"_blank\" rel=\"noreferrer noopener\">BSG Lahn-Dill<\/a><\/td><td><a href=\"https:\/\/calendar.google.com\/calendar\/embed?src=o23sausenqjdnqmbm7gm81dtr0%40group.calendar.google.com&amp;ctz=Europe%2FBerlin\" data-type=\"URL\" data-id=\"https:\/\/calendar.google.com\/calendar\/embed?src=o23sausenqjdnqmbm7gm81dtr0%40group.calendar.google.com&amp;ctz=Europe%2FBerlin\" target=\"_blank\" rel=\"noreferrer noopener\">Link<\/a><\/td><td><a href=\"https:\/\/calendar.google.com\/calendar\/ical\/o23sausenqjdnqmbm7gm81dtr0%40group.calendar.google.com\/public\/basic.ics\" data-type=\"URL\" data-id=\"https:\/\/calendar.google.com\/calendar\/ical\/o23sausenqjdnqmbm7gm81dtr0%40group.calendar.google.com\/public\/basic.ics\" target=\"_blank\" rel=\"noreferrer noopener\">Link<\/a><\/td><\/tr><tr><td><a href=\"https:\/\/hbv-badminton.liga.nu\/cgi-bin\/WebObjects\/nuLigaBADDE.woa\/wa\/groupPage?championship=Wetzlar+21%2F22&amp;group=28095\" target=\"_blank\" rel=\"noreferrer noopener\">BSG Lahn-Dill II<\/a><\/td><td><a href=\"https:\/\/calendar.google.com\/calendar\/embed?src=rh3120upjjslcbhhuhs1q47orc%40group.calendar.google.com&amp;ctz=Europe%2FBerlin\" data-type=\"URL\" data-id=\"https:\/\/calendar.google.com\/calendar\/embed?src=rh3120upjjslcbhhuhs1q47orc%40group.calendar.google.com&amp;ctz=Europe%2FBerlin\" target=\"_blank\" rel=\"noreferrer noopener\">Link<\/a><\/td><td><a href=\"https:\/\/calendar.google.com\/calendar\/ical\/rh3120upjjslcbhhuhs1q47orc%40group.calendar.google.com\/public\/basic.ics\" data-type=\"URL\" data-id=\"https:\/\/calendar.google.com\/calendar\/ical\/rh3120upjjslcbhhuhs1q47orc%40group.calendar.google.com\/public\/basic.ics\" target=\"_blank\" rel=\"noreferrer noopener\">Link<\/a><\/td><\/tr><tr><td><a href=\"https:\/\/hbv-badminton.liga.nu\/cgi-bin\/WebObjects\/nuLigaBADDE.woa\/wa\/groupPage?championship=Wetzlar+21%2F22&amp;group=28096\" target=\"_blank\" rel=\"noreferrer noopener\">BSG Lahn-Dill III<\/a><\/td><td><a href=\"https:\/\/calendar.google.com\/calendar\/embed?src=t4vu54kejferj8mefqdv8e0j7g%40group.calendar.google.com&amp;ctz=Europe%2FBerlin\" data-type=\"URL\" data-id=\"https:\/\/calendar.google.com\/calendar\/embed?src=t4vu54kejferj8mefqdv8e0j7g%40group.calendar.google.com&amp;ctz=Europe%2FBerlin\" target=\"_blank\" rel=\"noreferrer noopener\">Link<\/a><\/td><td><a href=\"https:\/\/calendar.google.com\/calendar\/ical\/t4vu54kejferj8mefqdv8e0j7g%40group.calendar.google.com\/public\/basic.ics\" data-type=\"URL\" data-id=\"https:\/\/calendar.google.com\/calendar\/ical\/t4vu54kejferj8mefqdv8e0j7g%40group.calendar.google.com\/public\/basic.ics\" target=\"_blank\" rel=\"noreferrer noopener\">Link<\/a><\/td><\/tr><\/tbody><\/table><figcaption>Kalendar auf Android (o. Google Account) hinzuf\u00fcgen:<br>  Ruft den Link auf und klickt unten links den Knopf &#8222;+ Google Calendar&#8220;<br>Kalendar auf iPhone (o. Programm mit iCal-Format Unterst\u00fctzung) hinzuf\u00fcgen:<br>  Klickt auf den Link und folgt den Anweisungen<\/figcaption><\/figure>\n\n\n\n<h2>Disclaimer<\/h2>\n\n\n\n<p>Die Spielpl\u00e4ne von nuLiga werden durch ein automatisch ausgef\u00fchrtes Programm t\u00e4glich \u00fcber Nacht in unsere jeweiligen Mannschafts- und den Gesamt-Kalendar importiert. Einmal im Smartphone erg\u00e4nzt werden \u00c4nderungen automatisch aktualisiert.<\/p>\n\n\n\n<p>Es kann keine 100% Garantie f\u00fcr die Richtigkeit der Termine in unseren Kalendern gew\u00e4hrleistet werden. Solltet ihr Abweichungen zwischen dem nuLiga und dem importierten Kalendar entdecken, schreibt bitte eine Nachricht an <a href=\"mailto:michel.schmitz_1992@hotmail.com\">michel.schmitz_1992@hotmail.com<\/a>.<\/p>\n","protected":false},"excerpt":{"rendered":"<p>Senioren-Gesamt-Kalendar Einzelne Kalender nuLiga Google-URL iCal-Format Senioren-Gesamt Link Link BSG Lahn-Dill Link Link BSG Lahn-Dill II Link Link BSG Lahn-Dill III Link Link Kalendar auf Android (o. Google Account) hinzuf\u00fcgen: Ruft den Link auf und klickt unten links den Knopf &#8222;+ Google Calendar&#8220;Kalendar auf iPhone (o. Programm mit iCal-Format Unterst\u00fctzung) hinzuf\u00fcgen: Klickt auf den Link [&hellip;]<\/p>\n","protected":false},"author":2,"featured_media":0,"parent":0,"menu_order":0,"comment_status":"closed","ping_status":"closed","template":"templates\/template-full-width.php","meta":[],"_links":{"self":[{"href":"https:\/\/bsg-lahn-dill.de\/wordpress\/wp-json\/wp\/v2\/pages\/76"}],"collection":[{"href":"https:\/\/bsg-lahn-dill.de\/wordpress\/wp-json\/wp\/v2\/pages"}],"about":[{"href":"https:\/\/bsg-lahn-dill.de\/wordpress\/wp-json\/wp\/v2\/types\/page"}],"author":[{"embeddable":true,"href":"https:\/\/bsg-lahn-dill.de\/wordpress\/wp-json\/wp\/v2\/users\/2"}],"replies":[{"embeddable":true,"href":"https:\/\/bsg-lahn-dill.de\/wordpress\/wp-json\/wp\/v2\/comments?post=76"}],"version-history":[{"count":3,"href":"https:\/\/bsg-lahn-dill.de\/wordpress\/wp-json\/wp\/v2\/pages\/76\/revisions"}],"predecessor-version":[{"id":172,"href":"https:\/\/bsg-lahn-dill.de\/wordpress\/wp-json\/wp\/v2\/pages\/76\/revisions\/172"}],"wp:attachment":[{"href":"https:\/\/bsg-lahn-dill.de\/wordpress\/wp-json\/wp\/v2\/media?parent=76"}],"curies":[{"name":"wp","href":"https:\/\/api.w.org\/{rel}","templated":true}]}}